{"id":12525,"date":"2024-03-28T09:54:18","date_gmt":"2024-03-28T08:54:18","guid":{"rendered":"https:\/\/swing-golf.ch\/protection-de-la-vie-privee\/"},"modified":"2024-03-28T09:54:18","modified_gmt":"2024-03-28T08:54:18","slug":"protection-de-la-vie-privee","status":"publish","type":"page","link":"https:\/\/swing-golf.ch\/en\/protection-de-la-vie-privee\/","title":{"rendered":"Protection de la vie priv\u00e9e"},"content":{"rendered":"\t\t<div data-elementor-type=\"wp-page\" data-elementor-id=\"12525\" class=\"elementor elementor-12525 elementor-12417\" data-elementor-post-type=\"page\">\n\t\t\t\t\t\t<section class=\"elementor-section elementor-top-section elementor-element elementor-element-6b5898d7 wd-section-stretch elementor-section-height-min-height elementor-section-items-stretch elementor-section-content-middle elementor-section-boxed elementor-section-height-default\" data-id=\"6b5898d7\" data-element_type=\"section\" data-e-type=\"section\" data-settings=\"{&quot;background_background&quot;:&quot;classic&quot;}\">\n\t\t\t\t\t\t\t<div class=\"elementor-background-overlay\"><\/div>\n\t\t\t\t\t\t\t<div class=\"elementor-container elementor-column-gap-no\">\n\t\t\t\t\t<div class=\"elementor-column elementor-col-100 elementor-top-column elementor-element elementor-element-4fc99095 color-scheme-light\" data-id=\"4fc99095\" data-element_type=\"column\" data-e-type=\"column\">\n\t\t\t<div class=\"elementor-widget-wrap elementor-element-populated\">\n\t\t\t\t\t\t\t<link rel=\"stylesheet\" id=\"wd-mod-animations-keyframes-css\" href=\"https:\/\/swing-golf.ch\/wp-content\/themes\/woodmart\/css\/parts\/mod-animations-keyframes.min.css?ver=7.3.2\" type=\"text\/css\" media=\"all\" \/> \t\t\t\t\t<div class=\"elementor-element elementor-element-34c95125 elementor-invisible elementor-widget elementor-widget-wd_title\" data-id=\"34c95125\" data-element_type=\"widget\" data-e-type=\"widget\" data-settings=\"{&quot;_animation&quot;:&quot;wd-anim-slide-from-bottom&quot;}\" data-widget_type=\"wd_title.default\">\n\t\t\t\t<div class=\"elementor-widget-container\">\n\t\t\t\t\t\t\t\t<link rel=\"stylesheet\" id=\"wd-section-title-css\" href=\"https:\/\/swing-golf.ch\/wp-content\/themes\/woodmart\/css\/parts\/el-section-title.min.css?ver=7.3.2\" type=\"text\/css\" media=\"all\" \/> \t\t\t\t\t<div class=\"title-wrapper set-mb-s reset-last-child wd-title-color-default wd-title-style-default wd-title-size-extra-large text-center\">\n\n\t\t\t\t\t\t\t<div class=\"title-subtitle subtitle-color-default subtitle-style-default wd-fontsize-m\">\n\t\t\t\t\tInteractive Mini-golf\t\t\t\t<\/div>\n\t\t\t\n\t\t\t<div class=\"liner-continer\">\n\t\t\t\t<h4 class=\"woodmart-title-container title wd-fontsize-xxxl\">Protection de la vie priv\u00e9e<\/h4> \n\t\t\t\t\t\t\t<\/div>\n\n\t\t\t\t\t<\/div>\n\t\t\t\t\t\t<\/div>\n\t\t\t\t<\/div>\n\t\t\t\t<div class=\"elementor-element elementor-element-307c9cb3 text-center color-scheme-inherit elementor-invisible elementor-widget elementor-widget-text-editor\" data-id=\"307c9cb3\" data-element_type=\"widget\" data-e-type=\"widget\" data-settings=\"{&quot;_animation&quot;:&quot;wd-anim-slide-from-bottom&quot;}\" data-widget_type=\"text-editor.default\">\n\t\t\t\t<div class=\"elementor-widget-container\">\n\t\t\t\t\t\t\t\t\t<p>R\u00e9servez d\u00e8s maintenant pour vivre une exp\u00e9rience que vous n&#8217;oublierez pas !<\/p>\t\t\t\t\t\t\t\t<\/div>\n\t\t\t\t<\/div>\n\t\t\t\t<div class=\"elementor-element elementor-element-28d069cf elementor-widget__width-initial elementor-invisible elementor-widget elementor-widget-wd_button\" data-id=\"28d069cf\" data-element_type=\"widget\" data-e-type=\"widget\" data-settings=\"{&quot;_animation&quot;:&quot;wd-anim-slide-from-left&quot;,&quot;_animation_mobile&quot;:&quot;wd-anim-slide-from-bottom&quot;}\" data-widget_type=\"wd_button.default\">\n\t\t\t\t<div class=\"elementor-widget-container\">\n\t\t\t\t\t\t\t<div class=\"wd-button-wrapper text-center\" >\n\t\t\t<a class=\"btn btn-style-default btn-style-semi-round btn-size-large btn-color-white btn-full-width btn-icon-pos-left\"  href=\"\/reservez\/\">\n\t\t\t\t<span class=\"wd-btn-text\" data-elementor-setting-key=\"text\">\n\t\t\t\t\tR\u00e9servez maintenant\t\t\t\t<\/span>\n\n\t\t\t\t\t\t\t\t\t<span class=\"wd-btn-icon\">\n\t\t\t\t\t\t<span class=\"wd-icon far fa-calendar-alt\"><\/span>\t\t\t\t\t<\/span>\n\t\t\t\t\t\t\t<\/a>\n\t\t<\/div>\n\t\t\t\t\t\t<\/div>\n\t\t\t\t<\/div>\n\t\t\t\t<div class=\"elementor-element elementor-element-420f40c7 elementor-widget__width-initial elementor-invisible elementor-widget elementor-widget-wd_button\" data-id=\"420f40c7\" data-element_type=\"widget\" data-e-type=\"widget\" data-settings=\"{&quot;_animation&quot;:&quot;wd-anim-slide-from-right&quot;,&quot;_animation_mobile&quot;:&quot;wd-anim-slide-from-bottom&quot;}\" data-widget_type=\"wd_button.default\">\n\t\t\t\t<div class=\"elementor-widget-container\">\n\t\t\t\t\t\t\t<div class=\"wd-button-wrapper text-center\" >\n\t\t\t<a class=\"btn btn-style-default btn-style-semi-round btn-size-large btn-color-white btn-full-width btn-icon-pos-left\"  href=\"\/contact\">\n\t\t\t\t<span class=\"wd-btn-text\" data-elementor-setting-key=\"text\">\n\t\t\t\t\tcontactez-nous\t\t\t\t<\/span>\n\n\t\t\t\t\t\t\t\t\t<span class=\"wd-btn-icon\">\n\t\t\t\t\t\t<span class=\"wd-icon fas fa-envelope\"><\/span>\t\t\t\t\t<\/span>\n\t\t\t\t\t\t\t<\/a>\n\t\t<\/div>\n\t\t\t\t\t\t<\/div>\n\t\t\t\t<\/div>\n\t\t\t\t<div class=\"elementor-element elementor-element-3268c0 elementor-absolute elementor-widget elementor-widget-html\" data-id=\"3268c0\" data-element_type=\"widget\" data-e-type=\"widget\" data-settings=\"{&quot;_position&quot;:&quot;absolute&quot;}\" data-widget_type=\"html.default\">\n\t\t\t\t<div class=\"elementor-widget-container\">\n\t\t\t\t\t<div class=\"c-scrolldown\">\n    <div class=\"c-line\"><\/div>\n  <\/div>\t\t\t\t<\/div>\n\t\t\t\t<\/div>\n\t\t\t\t\t<\/div>\n\t\t<\/div>\n\t\t\t\t\t<\/div>\n\t\t<\/section>\n\t\t\t\t<section class=\"elementor-section elementor-top-section elementor-element elementor-element-1173c0bc elementor-section-content-middle wd-section-stretch elementor-section-boxed elementor-section-height-default elementor-section-height-default\" data-id=\"1173c0bc\" data-element_type=\"section\" data-e-type=\"section\">\n\t\t\t\t\t\t<div class=\"elementor-container elementor-column-gap-wider\">\n\t\t\t\t\t<div class=\"elementor-column elementor-col-100 elementor-top-column elementor-element elementor-element-3cd57b5a\" data-id=\"3cd57b5a\" data-element_type=\"column\" data-e-type=\"column\">\n\t\t\t<div class=\"elementor-widget-wrap elementor-element-populated\">\n\t\t\t\t\t\t<div class=\"elementor-element elementor-element-20f68f81 color-scheme-inherit text-left elementor-widget elementor-widget-text-editor\" data-id=\"20f68f81\" data-element_type=\"widget\" data-e-type=\"widget\" data-widget_type=\"text-editor.default\">\n\t\t\t\t<div class=\"elementor-widget-container\">\n\t\t\t\t\t\t\t\t\t<p>Soucieuse de la protection de votre vie priv\u00e9e, COMIN.DESIGN s\u2019engage \u00e0 assurer le meilleur niveau de protection de vos donn\u00e9es personnelles conform\u00e9ment \u00e0 la loi Informatique et Libert\u00e9s du 6 janvier 1978 modifi\u00e9e par la loi du 6 ao\u00fbt 2004.<\/p><p>Notre politique de protection de la vie priv\u00e9e vous permet d\u2019en savoir plus sur la collecte et le traitement de vos donn\u00e9es personnelles par COMIN.DESIGN ainsi que sur vos droits.<\/p><p>Vous pouvez consultez la liste des traitements vous concernant en vous adressant \u00e0 COMIN.DESIGN :<\/p><p>par voie postale \u00e0 l\u2019adresse suivante : COMIN.DESIGN, 117 impasse des Vignes, 73410 ENTRELACS<br \/>ou par courrier \u00e9lectronique \u00e0 l\u2019adresse : contact@comindesign.fr<br \/>Pour mieux conna\u00eetre vos droits et vos devoirs, vous pouvez \u00e9galement consulter le site de la Commission Nationale de l\u2019Informatique et des Libert\u00e9s http:\/\/www.cnil.fr.<\/p><h4>1. IDENTIT\u00c9 DU RESPONSABLE DU TRAITEMENT<\/h4><p>Les donn\u00e9es personnelles sont collect\u00e9es par : COMIN.DESIGN, 117 impasse des Vignes, 73410 ENTRELACS<\/p><h4>2. LES TRAITEMENTS RELATIFS \u00c0 VOS DONN\u00c9ES PERSONNELLES<br \/>QUELLES DONN\u00c9ES ?<\/h4><p>Notre site ne demande pas d\u2019enregistrement nominatif \u00e0 ses visiteurs et ne proc\u00e8de \u00e0 aucun enregistrement nominatif pour la simple consultation de ses pages.<\/p><p>Cependant, dans certains cas (formulaire de contact, fonctionnalit\u00e9s de partage et modules sociaux, rubrique cr\u00e9ation de compte, tchat\u2026), vous pouvez \u00eatre invit\u00e9 \u00e0 laisser des donn\u00e9es personnelles (nom, pr\u00e9nom, num\u00e9ro de t\u00e9l\u00e9phone, adresse \u00e9lectronique\u2026). Le caract\u00e8re obligatoire ou facultatif des donn\u00e9es vous est signal\u00e9 lors de la collecte par un ast\u00e9risque.<\/p><p>Nous ne collectons aucune donn\u00e9e sensible, \u00e0 savoir aucune donn\u00e9e relative \u00e0 vos origines raciales ou ethniques, \u00e0 vos opinions politiques, philosophiques ou religieuses ou votre appartenance syndicale, ou qui sont relatives \u00e0 votre sant\u00e9 ou votre vie sexuelle.<\/p><p>Par ailleurs, lors de la consultation de notre site web et de l\u2019utilisation de nos services, nous sommes amen\u00e9s \u00e0 collecter et traiter des donn\u00e9es relatives \u00e0 votre navigation (notamment les cookies, et les pages que vous avez consult\u00e9es), et \u00e0 votre terminal (type de navigateur utilis\u00e9, mod\u00e8le et version de votre syst\u00e8me d\u2019exploitation, r\u00e9solution de votre \u00e9cran, pr\u00e9sence de certains plug-ins, \u2026). Ces donn\u00e9es seront utilis\u00e9es d\u2019une part pour adapter nos contenus et services \u00e0 vos besoins, et d\u2019autre part pour r\u00e9aliser des statistiques d\u2019utilisation de nos services afin de les rendre plus pertinents.<\/p><p><strong>QUAND ?<\/strong><\/p><p>Nous collectons vos donn\u00e9es notamment quand :<\/p><p>Vous cr\u00e9ez un compte utilisateur,<br \/>Vous utilisez notre formulaire de contact,<br \/>Vous utilisez la fonctionnalit\u00e9 de tchat,<br \/>Vous naviguez sur notre site et consultez nos produits et services.<\/p><p><strong>QUELLES FINALIT\u00c9S ?<\/strong><\/p><p>Nous utilisons vos donn\u00e9es personnelles pour :<\/p><p>vous permettre d\u2019utiliser nos services ;<br \/>vous informer sur les services pour lesquels vous avez exprim\u00e9 un int\u00e9r\u00eat et qui vous sont propos\u00e9s sur notre site ;<br \/>vous proposer des offres publicitaires et des informations sur notre site en rapport avec vos centres d\u2019int\u00e9r\u00eat ;<br \/>nous permettre d\u2019\u00e9tablir des statistiques et comptages de fr\u00e9quentation et d\u2019utilisation des diverses rubriques et contenus de notre site et de nos services notamment afin d\u2019adapter lesdites rubriques et lesdits contenus en fonction de votre navigation.<br \/>Le cas \u00e9ch\u00e9ant, le formulaire de collecte pourra \u00eatre accompagn\u00e9 d\u2019une case \u00e0 cocher vous permettant d\u2019accepter ou de refuser que vos donn\u00e9es soient utilis\u00e9es \u00e0 des fins commerciales pour le compte de tiers, et\/ou c\u00e9d\u00e9es \u00e0 des tiers.<\/p><p><strong>COOKIES<\/strong><\/p><p>Pour vous informer sur l\u2019utilisation faite des cookies sur notre site, sur vos droits et vos moyens de vous y opposer, vous pouvez consulter la page sp\u00e9cialement consacr\u00e9e \u00e0 cette th\u00e9matique en cliquant ici.<\/p><p><strong>QUELS DESTINATAIRES ?<\/strong><\/p><p>Les donn\u00e9es collect\u00e9es sur notre site sont exclusivement destin\u00e9es \u00e0 COMIN.DESIGN, \u00e9diteur du site. Toute transmission de ces donn\u00e9es \u00e0 des soci\u00e9t\u00e9s tierces est soumise \u00e0 votre consentement pr\u00e9alable.<\/p><h4>3. QUELS SONT VOS DROITS ?<\/h4><p>Conform\u00e9ment \u00e0 la loi Informatique et Libert\u00e9s du 6 janvier 1978 modifi\u00e9e par la loi du 6 ao\u00fbt 2004, vous disposez de droits d\u2019acc\u00e8s, de rectification et d\u2019opposition aux donn\u00e9es personnelles vous concernant. Vous pouvez exercer ces droits :<\/p><p>par voie postale \u00e0 l\u2019adresse suivante : COMIN.DESIGN, 117 impasse des Vignes, 73410 ENTRELACS<br \/>ou par courrier \u00e9lectronique \u00e0 l\u2019adresse : contact@comindesign.fr<br \/>Un justificatif d\u2019identit\u00e9 pourra vous \u00eatre demand\u00e9 par voie postale \u00e0 l\u2019adresse pr\u00e9cit\u00e9e.<\/p>\t\t\t\t\t\t\t\t<\/div>\n\t\t\t\t<\/div>\n\t\t\t\t\t<\/div>\n\t\t<\/div>\n\t\t\t\t\t<\/div>\n\t\t<\/section>\n\t\t\t\t<\/div>\n\t\t","protected":false},"excerpt":{"rendered":"<p>Interactive Mini-golf Protection de la vie priv\u00e9e R\u00e9servez d\u00e8s maintenant pour vivre une exp\u00e9rience que vous n&#8217;oublierez pas ! R\u00e9servez<\/p>\n","protected":false},"author":89,"featured_media":0,"parent":0,"menu_order":0,"comment_status":"closed","ping_status":"closed","template":"","meta":{"_angie_page":false,"footnotes":""},"class_list":["post-12525","page","type-page","status-publish","hentry"],"_links":{"self":[{"href":"https:\/\/swing-golf.ch\/en\/wp-json\/wp\/v2\/pages\/12525","targetHints":{"allow":["GET"]}}],"collection":[{"href":"https:\/\/swing-golf.ch\/en\/wp-json\/wp\/v2\/pages"}],"about":[{"href":"https:\/\/swing-golf.ch\/en\/wp-json\/wp\/v2\/types\/page"}],"author":[{"embeddable":true,"href":"https:\/\/swing-golf.ch\/en\/wp-json\/wp\/v2\/users\/89"}],"replies":[{"embeddable":true,"href":"https:\/\/swing-golf.ch\/en\/wp-json\/wp\/v2\/comments?post=12525"}],"version-history":[{"count":0,"href":"https:\/\/swing-golf.ch\/en\/wp-json\/wp\/v2\/pages\/12525\/revisions"}],"wp:attachment":[{"href":"https:\/\/swing-golf.ch\/en\/wp-json\/wp\/v2\/media?parent=12525"}],"curies":[{"name":"wp","href":"https:\/\/api.w.org\/{rel}","templated":true}]}}